{"id":295,"date":"2025-04-23T10:44:07","date_gmt":"2025-04-23T10:44:07","guid":{"rendered":"https:\/\/kraftstoff-coaching.com\/?page_id=295"},"modified":"2025-09-04T14:53:24","modified_gmt":"2025-09-04T14:53:24","slug":"bewegung","status":"publish","type":"page","link":"https:\/\/kraftstoff-coaching.com\/?page_id=295","title":{"rendered":"Bewegung"},"content":{"rendered":"\t\t<div data-elementor-type=\"wp-page\" data-elementor-id=\"295\" class=\"elementor elementor-295\">\n\t\t\t\t<div class=\"elementor-element elementor-element-5e7fb35 e-flex e-con-boxed wpr-particle-no wpr-jarallax-no wpr-parallax-no wpr-sticky-section-no e-con e-parent\" data-id=\"5e7fb35\" data-element_type=\"container\">\n\t\t\t\t\t<div class=\"e-con-inner\">\n\t\t<div class=\"elementor-element elementor-element-aa8861f e-con-full e-flex wpr-particle-no wpr-jarallax-no wpr-parallax-no wpr-sticky-section-no e-con e-child\" data-id=\"aa8861f\" data-element_type=\"container\" data-settings=\"{&quot;background_background&quot;:&quot;classic&quot;}\">\n\t\t<div class=\"elementor-element elementor-element-7ce36be e-con-full e-flex wpr-particle-no wpr-jarallax-no wpr-parallax-no wpr-sticky-section-no e-con e-child\" data-id=\"7ce36be\" data-element_type=\"container\">\n\t\t<div class=\"elementor-element elementor-element-d5670e3 e-con-full e-flex wpr-particle-no wpr-jarallax-no wpr-parallax-no wpr-sticky-section-no e-con e-child\" data-id=\"d5670e3\" data-element_type=\"container\">\n\t\t\t\t<div class=\"elementor-element elementor-element-c9472a4 wpr-logo-position-left elementor-widget elementor-widget-wpr-logo\" data-id=\"c9472a4\" data-element_type=\"widget\" data-widget_type=\"wpr-logo.default\">\n\t\t\t\t<div class=\"elementor-widget-container\">\n\t\t\t\t\t\t\t\t\n\t\t\t<div class=\"wpr-logo elementor-clearfix\">\n\n\t\t\t\t\t\t\t\t<picture class=\"wpr-logo-image\">\n\t\t\t\t\t\t\t\t\t\t<source media=\"(max-width: 767px)\" srcset=\"http:\/\/kraftstoff-coaching.com\/wp-content\/uploads\/2025\/04\/cropped-Logo-transparent.png\">\t\n\t\t\t\t\t\n\t\t\t\t\t\t\t\t\t\t<source srcset=\"http:\/\/kraftstoff-coaching.com\/wp-content\/uploads\/2025\/04\/cropped-Logo-transparent.png 1x, http:\/\/kraftstoff-coaching.com\/wp-content\/uploads\/2025\/04\/cropped-Logo-transparent.png 2x\">\t\n\t\t\t\t\t\t\t\t\t\t\n\t\t\t\t\t<img decoding=\"async\" src=\"http:\/\/kraftstoff-coaching.com\/wp-content\/uploads\/2025\/04\/cropped-Logo-transparent.png\" alt=\"\">\n\n\t\t\t\t\t\t\t\t\t\t\t<a class=\"wpr-logo-url\" rel=\"home\" aria-label=\"\" href=\"https:\/\/kraftstoff-coaching.com\/\"><\/a>\n\t\t\t\t\t\t\t\t\t<\/picture>\n\t\t\t\t\n\t\t\t\t\n\t\t\t\t\t\t\t\t\t<a class=\"wpr-logo-url\" rel=\"home\" aria-label=\"\" href=\"https:\/\/kraftstoff-coaching.com\/\"><\/a>\n\t\t\t\t\n\t\t\t<\/div>\n\t\t\t\t\n\t\t\t\t\t\t<\/div>\n\t\t\t\t<\/div>\n\t\t\t\t<\/div>\n\t\t<div class=\"elementor-element elementor-element-d4f87fe e-con-full e-flex wpr-particle-no wpr-jarallax-no wpr-parallax-no wpr-sticky-section-no e-con e-child\" data-id=\"d4f87fe\" data-element_type=\"container\">\n\t\t\t\t<div class=\"elementor-element elementor-element-f6c98a0 wpr-main-menu-align-center wpr-main-menu-align--tabletcenter wpr-mobile-toggle-v4 wpr-nav-menu-bp-tablet elementor-widget-mobile__width-auto wpr-mobile-menu-item-align-left wpr-pointer-underline wpr-pointer-line-fx wpr-pointer-fx-fade wpr-sub-icon-caret-down wpr-sub-menu-fx-fade wpr-mobile-menu-full-width elementor-widget elementor-widget-wpr-nav-menu\" data-id=\"f6c98a0\" data-element_type=\"widget\" data-settings=\"{&quot;menu_layout&quot;:&quot;pro-vr&quot;}\" data-widget_type=\"wpr-nav-menu.default\">\n\t\t\t\t<div class=\"elementor-widget-container\">\n\t\t\t\t\t<nav class=\"wpr-nav-menu-container wpr-nav-menu-horizontal\" data-trigger=\"hover\"><ul id=\"menu-1-f6c98a0\" class=\"wpr-nav-menu\"><li class=\"menu-item menu-item-type-post_type menu-item-object-page menu-item-home menu-item-287\"><a href=\"https:\/\/kraftstoff-coaching.com\/\" class=\"wpr-menu-item wpr-pointer-item\">Home<\/a><\/li>\n<li class=\"menu-item menu-item-type-post_type menu-item-object-page menu-item-288\"><a href=\"https:\/\/kraftstoff-coaching.com\/?page_id=150\" class=\"wpr-menu-item wpr-pointer-item\">Dein Coach<\/a><\/li>\n<li class=\"menu-item menu-item-type-post_type menu-item-object-page menu-item-307\"><a href=\"https:\/\/kraftstoff-coaching.com\/?page_id=289\" class=\"wpr-menu-item wpr-pointer-item\">Ern\u00e4hrung<\/a><\/li>\n<li class=\"menu-item menu-item-type-post_type menu-item-object-page menu-item-306\"><a href=\"https:\/\/kraftstoff-coaching.com\/?page_id=295\" class=\"wpr-menu-item wpr-pointer-item\">Bewegung<\/a><\/li>\n<li class=\"menu-item menu-item-type-post_type menu-item-object-page menu-item-751\"><a href=\"https:\/\/kraftstoff-coaching.com\/?page_id=749\" class=\"wpr-menu-item wpr-pointer-item\">Wechseljahre<\/a><\/li>\n<li class=\"menu-item menu-item-type-post_type menu-item-object-page menu-item-305\"><a href=\"https:\/\/kraftstoff-coaching.com\/?page_id=297\" class=\"wpr-menu-item wpr-pointer-item\">Nordic Walking<\/a><\/li>\n<li class=\"menu-item menu-item-type-post_type menu-item-object-page menu-item-304\"><a href=\"https:\/\/kraftstoff-coaching.com\/?page_id=299\" class=\"wpr-menu-item wpr-pointer-item\">Angebot<\/a><\/li>\n<li class=\"menu-item menu-item-type-post_type menu-item-object-page menu-item-303\"><a href=\"https:\/\/kraftstoff-coaching.com\/?page_id=301\" class=\"wpr-menu-item wpr-pointer-item\">Kontakt<\/a><\/li>\n<\/ul><\/nav><nav class=\"wpr-mobile-nav-menu-container\"><div class=\"wpr-mobile-toggle-wrap\"><div class=\"wpr-mobile-toggle\"><span class=\"wpr-mobile-toggle-line\"><\/span><span class=\"wpr-mobile-toggle-line\"><\/span><span class=\"wpr-mobile-toggle-line\"><\/span><\/div><\/div><ul id=\"mobile-menu-2-f6c98a0\" class=\"wpr-mobile-nav-menu\"><li class=\"menu-item menu-item-type-post_type menu-item-object-page menu-item-home menu-item-287\"><a href=\"https:\/\/kraftstoff-coaching.com\/\" class=\"wpr-mobile-menu-item\">Home<\/a><\/li>\n<li class=\"menu-item menu-item-type-post_type menu-item-object-page menu-item-288\"><a href=\"https:\/\/kraftstoff-coaching.com\/?page_id=150\" class=\"wpr-mobile-menu-item\">Dein Coach<\/a><\/li>\n<li class=\"menu-item menu-item-type-post_type menu-item-object-page menu-item-307\"><a href=\"https:\/\/kraftstoff-coaching.com\/?page_id=289\" class=\"wpr-mobile-menu-item\">Ern\u00e4hrung<\/a><\/li>\n<li class=\"menu-item menu-item-type-post_type menu-item-object-page menu-item-306\"><a href=\"https:\/\/kraftstoff-coaching.com\/?page_id=295\" class=\"wpr-mobile-menu-item\">Bewegung<\/a><\/li>\n<li class=\"menu-item menu-item-type-post_type menu-item-object-page menu-item-751\"><a href=\"https:\/\/kraftstoff-coaching.com\/?page_id=749\" class=\"wpr-mobile-menu-item\">Wechseljahre<\/a><\/li>\n<li class=\"menu-item menu-item-type-post_type menu-item-object-page menu-item-305\"><a href=\"https:\/\/kraftstoff-coaching.com\/?page_id=297\" class=\"wpr-mobile-menu-item\">Nordic Walking<\/a><\/li>\n<li class=\"menu-item menu-item-type-post_type menu-item-object-page menu-item-304\"><a href=\"https:\/\/kraftstoff-coaching.com\/?page_id=299\" class=\"wpr-mobile-menu-item\">Angebot<\/a><\/li>\n<li class=\"menu-item menu-item-type-post_type menu-item-object-page menu-item-303\"><a href=\"https:\/\/kraftstoff-coaching.com\/?page_id=301\" class=\"wpr-mobile-menu-item\">Kontakt<\/a><\/li>\n<\/ul><\/nav>\t\t\t\t<\/div>\n\t\t\t\t<\/div>\n\t\t\t\t<\/div>\n\t\t\t\t<\/div>\n\t\t\t\t<\/div>\n\t\t\t\t\t<\/div>\n\t\t\t\t<\/div>\n\t\t\t\t<section class=\"elementor-section elementor-top-section elementor-element elementor-element-3d68e37a0 elementor-section-boxed elementor-section-height-default elementor-section-height-default wpr-particle-no wpr-jarallax-no wpr-parallax-no wpr-sticky-section-no\" data-id=\"3d68e37a0\" data-element_type=\"section\" data-settings=\"{&quot;background_background&quot;:&quot;classic&quot;}\">\n\t\t\t\t\t\t\t<div class=\"elementor-background-overlay\"><\/div>\n\t\t\t\t\t\t\t<div class=\"elementor-container elementor-column-gap-default\">\n\t\t\t\t\t<div class=\"elementor-column elementor-col-100 elementor-top-column elementor-element elementor-element-2428bd2e\" data-id=\"2428bd2e\" data-element_type=\"column\">\n\t\t\t<div class=\"elementor-widget-wrap elementor-element-populated\">\n\t\t\t\t\t\t<div class=\"elementor-element elementor-element-4957c480 elementor-widget elementor-widget-heading\" data-id=\"4957c480\" data-element_type=\"widget\" data-widget_type=\"heading.default\">\n\t\t\t\t<div class=\"elementor-widget-container\">\n\t\t\t\t\t<h2 class=\"elementor-heading-title elementor-size-default\">Bewegung<\/h2>\t\t\t\t<\/div>\n\t\t\t\t<\/div>\n\t\t\t\t\t<\/div>\n\t\t<\/div>\n\t\t\t\t\t<\/div>\n\t\t<\/section>\n\t\t\t\t<section class=\"elementor-section elementor-top-section elementor-element elementor-element-2925d8d1 elementor-section-boxed elementor-section-height-default elementor-section-height-default wpr-particle-no wpr-jarallax-no wpr-parallax-no wpr-sticky-section-no\" data-id=\"2925d8d1\" data-element_type=\"section\">\n\t\t\t\t\t\t<div class=\"elementor-container elementor-column-gap-default\">\n\t\t\t\t\t<div class=\"elementor-column elementor-col-50 elementor-top-column elementor-element elementor-element-5d7db70b\" data-id=\"5d7db70b\" data-element_type=\"column\">\n\t\t\t<div class=\"elementor-widget-wrap elementor-element-populated\">\n\t\t\t\t\t\t<div class=\"elementor-element elementor-element-29afd8d4 elementor-widget elementor-widget-heading\" data-id=\"29afd8d4\" data-element_type=\"widget\" data-widget_type=\"heading.default\">\n\t\t\t\t<div class=\"elementor-widget-container\">\n\t\t\t\t\t<h2 class=\"elementor-heading-title elementor-size-default\">Bewegung, die dich wirklich st\u00e4rkt<\/h2>\t\t\t\t<\/div>\n\t\t\t\t<\/div>\n\t\t\t\t<div class=\"elementor-element elementor-element-5d794452 elementor-widget-divider--view-line elementor-widget elementor-widget-divider\" data-id=\"5d794452\" data-element_type=\"widget\" data-widget_type=\"divider.default\">\n\t\t\t\t<div class=\"elementor-widget-container\">\n\t\t\t\t\t\t\t<div class=\"elementor-divider\">\n\t\t\t<span class=\"elementor-divider-separator\">\n\t\t\t\t\t\t<\/span>\n\t\t<\/div>\n\t\t\t\t\t\t<\/div>\n\t\t\t\t<\/div>\n\t\t\t\t<div class=\"elementor-element elementor-element-2e14beff elementor-widget elementor-widget-text-editor\" data-id=\"2e14beff\" data-element_type=\"widget\" data-widget_type=\"text-editor.default\">\n\t\t\t\t<div class=\"elementor-widget-container\">\n\t\t\t\t\t\t\t\t\t<p data-start=\"2873\" data-end=\"3252\">Du brauchst mehr Bewegung und Beweglichkeit in deinem Alltag oder hast Ziele, f\u00fcr die du konkret trainieren m\u00f6chtest? Ich unterst\u00fctze dich darin, M\u00f6glichkeiten f\u00fcr mehr k\u00f6rperliche Aktivit\u00e4t zu finden oder auszubauen oder einen methodischen Trainingsplan f\u00fcr deine Sportart zu entwickeln. Gemeinsam finden wir heraus, was dir Spa\u00df macht, dich st\u00e4rkt und in deinen Alltag passt.<\/p><p data-start=\"3254\" data-end=\"3664\">Ob mit Nordic Walking als sanftem und gelenkschonendem Einstieg, \u00dcbungen mit dem eigenen K\u00f6rpergewicht und einfachen Hilfsmitteln oder \u201eall out\u201c klassisch an der Langhantel \u2013 im Personal Training kann ich als zertifizierter medizinischer Fitnesstrainer und Personal Trainer auf deinem aktuellen Fitnessniveau mit dir einen Trainingsplan entwickeln, der dich voranbringt und deine Leistungsf\u00e4higkeit steigert.<\/p><p data-start=\"3666\" data-end=\"3773\">Ob bei dir zuhause, im Park, im Fitness-Studio oder in meinem kleinen Home Gym \u2013 wir fangen einfach mal an\u2026<\/p>\t\t\t\t\t\t\t\t<\/div>\n\t\t\t\t<\/div>\n\t\t\t\t<div class=\"elementor-element elementor-element-431f7357 wpr-button-icon-style-inline wpr-button-icon-position-right elementor-widget elementor-widget-wpr-button\" data-id=\"431f7357\" data-element_type=\"widget\" data-widget_type=\"wpr-button.default\">\n\t\t\t\t<div class=\"elementor-widget-container\">\n\t\t\t\t\t\t\n\t\t\t\n\t\t\n\t\t<div class=\"wpr-button-wrap elementor-clearfix\">\n\t\t<a class=\"wpr-button wpr-button-effect wpr-button-none\" data-text=\"Go\" href=\"https:\/\/kraftstoff-coaching.com\/angebote\/\">\n\t\t\t\n\t\t\t<span class=\"wpr-button-content\">\n\t\t\t\t\t\t\t\t\t<span class=\"wpr-button-text\">Jetzt loslegen<\/span>\n\t\t\t\t\t\t\t\t\n\t\t\t\t\t\t\t<\/span>\n\t\t<\/a>\n\n\t\t\t\t<\/div>\n\t\n\t\n\t\t\t\t\t<\/div>\n\t\t\t\t<\/div>\n\t\t\t\t\t<\/div>\n\t\t<\/div>\n\t\t\t\t<div class=\"elementor-column elementor-col-50 elementor-top-column elementor-element elementor-element-65b99e02\" data-id=\"65b99e02\" data-element_type=\"column\">\n\t\t\t<div class=\"elementor-widget-wrap elementor-element-populated\">\n\t\t\t\t\t\t<div class=\"elementor-element elementor-element-4211a110 elementor-widget elementor-widget-image\" data-id=\"4211a110\" data-element_type=\"widget\" data-widget_type=\"image.default\">\n\t\t\t\t<div class=\"elementor-widget-container\">\n\t\t\t\t\t\t\t\t\t\t\t\t\t\t\t<img fetchpriority=\"high\" decoding=\"async\" width=\"800\" height=\"1021\" src=\"https:\/\/kraftstoff-coaching.com\/wp-content\/uploads\/2025\/09\/1000002785-802x1024.jpg\" class=\"attachment-large size-large wp-image-745\" alt=\"\" srcset=\"https:\/\/kraftstoff-coaching.com\/wp-content\/uploads\/2025\/09\/1000002785-802x1024.jpg 802w, https:\/\/kraftstoff-coaching.com\/wp-content\/uploads\/2025\/09\/1000002785-235x300.jpg 235w, https:\/\/kraftstoff-coaching.com\/wp-content\/uploads\/2025\/09\/1000002785-768x981.jpg 768w, https:\/\/kraftstoff-coaching.com\/wp-content\/uploads\/2025\/09\/1000002785-1203x1536.jpg 1203w, https:\/\/kraftstoff-coaching.com\/wp-content\/uploads\/2025\/09\/1000002785-1603x2048.jpg 1603w, https:\/\/kraftstoff-coaching.com\/wp-content\/uploads\/2025\/09\/1000002785-scaled.jpg 2004w\" sizes=\"(max-width: 800px) 100vw, 800px\" \/>\t\t\t\t\t\t\t\t\t\t\t\t\t\t\t<\/div>\n\t\t\t\t<\/div>\n\t\t\t\t\t<\/div>\n\t\t<\/div>\n\t\t\t\t\t<\/div>\n\t\t<\/section>\n\t\t\t\t<section class=\"elementor-section elementor-top-section elementor-element elementor-element-669e836a elementor-section-height-min-height elementor-section-boxed elementor-section-height-default elementor-section-items-middle wpr-particle-no wpr-jarallax-no wpr-parallax-no wpr-sticky-section-no\" data-id=\"669e836a\" data-element_type=\"section\" data-settings=\"{&quot;background_background&quot;:&quot;classic&quot;}\">\n\t\t\t\t\t\t\t<div class=\"elementor-background-overlay\"><\/div>\n\t\t\t\t\t\t\t<div class=\"elementor-container elementor-column-gap-default\">\n\t\t\t\t\t<div class=\"elementor-column elementor-col-50 elementor-top-column elementor-element elementor-element-52196426 elementor-hidden-tablet elementor-hidden-mobile\" data-id=\"52196426\" data-element_type=\"column\">\n\t\t\t<div class=\"elementor-widget-wrap\">\n\t\t\t\t\t\t\t<\/div>\n\t\t<\/div>\n\t\t\t\t<div class=\"elementor-column elementor-col-50 elementor-top-column elementor-element elementor-element-2d91b89\" data-id=\"2d91b89\" data-element_type=\"column\">\n\t\t\t<div class=\"elementor-widget-wrap elementor-element-populated\">\n\t\t\t\t\t\t<div class=\"elementor-element elementor-element-23f96752 elementor-widget elementor-widget-heading\" data-id=\"23f96752\" data-element_type=\"widget\" data-widget_type=\"heading.default\">\n\t\t\t\t<div class=\"elementor-widget-container\">\n\t\t\t\t\t<h2 class=\"elementor-heading-title elementor-size-default\">Stark im Alltag durch gezielte Bewegung<\/h2>\t\t\t\t<\/div>\n\t\t\t\t<\/div>\n\t\t\t\t<div class=\"elementor-element elementor-element-1835f97a elementor-widget-divider--view-line elementor-widget elementor-widget-divider\" data-id=\"1835f97a\" data-element_type=\"widget\" data-widget_type=\"divider.default\">\n\t\t\t\t<div class=\"elementor-widget-container\">\n\t\t\t\t\t\t\t<div class=\"elementor-divider\">\n\t\t\t<span class=\"elementor-divider-separator\">\n\t\t\t\t\t\t<\/span>\n\t\t<\/div>\n\t\t\t\t\t\t<\/div>\n\t\t\t\t<\/div>\n\t\t\t\t<div class=\"elementor-element elementor-element-19a46e8e elementor-widget elementor-widget-text-editor\" data-id=\"19a46e8e\" data-element_type=\"widget\" data-widget_type=\"text-editor.default\">\n\t\t\t\t<div class=\"elementor-widget-container\">\n\t\t\t\t\t\t\t\t\t<p>Mit Spa\u00df, Klarheit und Struktur begleiten wir dich Schritt f\u00fcr Schritt zu mehr Fitness, Mobilit\u00e4t und Energie \u2013 ganz ohne Leistungsdruck.<\/p>\t\t\t\t\t\t\t\t<\/div>\n\t\t\t\t<\/div>\n\t\t\t\t\t<\/div>\n\t\t<\/div>\n\t\t\t\t\t<\/div>\n\t\t<\/section>\n\t\t\t\t<\/div>\n\t\t","protected":false},"excerpt":{"rendered":"<p>Home Dein Coach Ern\u00e4hrung Bewegung Nordic Walking Angebot Kontakt Home Dein Coach Ern\u00e4hrung Bewegung Nordic Walking Angebot Kontakt Bewegung Bewegung, die dich wirklich st\u00e4rkt Du brauchst mehr Bewegung und Beweglichkeit in deinem Alltag oder hast Ziele, f\u00fcr die du konkret trainieren m\u00f6chtest? Ich unterst\u00fctze dich darin, M\u00f6glichkeiten f\u00fcr mehr k\u00f6rperliche Aktivit\u00e4t zu finden oder auszubauen oder einen methodischen Trainingsplan f\u00fcr deine Sportart zu entwickeln. Gemeinsam finden wir heraus, was dir Spa\u00df macht, dich st\u00e4rkt und in deinen Alltag passt. Ob mit Nordic Walking als sanftem und gelenkschonendem Einstieg, \u00dcbungen mit dem eigenen K\u00f6rpergewicht und einfachen Hilfsmitteln oder \u201eall out\u201c klassisch an der Langhantel \u2013 im Personal Training kann ich als zertifizierter medizinischer Fitnesstrainer und Personal Trainer auf deinem aktuellen Fitnessniveau mit dir einen Trainingsplan entwickeln, der dich voranbringt und deine Leistungsf\u00e4higkeit steigert. Ob bei dir zuhause, im Park, im Fitness-Studio oder in meinem kleinen Home Gym \u2013 wir fangen einfach mal an\u2026 Jetzt loslegen Stark im Alltag durch gezielte Bewegung Mit Spa\u00df, Klarheit und Struktur begleiten wir dich Schritt f\u00fcr Schritt zu mehr Fitness, Mobilit\u00e4t und Energie \u2013 ganz ohne Leistungsdruck.<\/p>\n","protected":false},"author":1,"featured_media":0,"parent":0,"menu_order":0,"comment_status":"closed","ping_status":"closed","template":"elementor_canvas","meta":{"footnotes":""},"class_list":["post-295","page","type-page","status-publish","hentry"],"_links":{"self":[{"href":"https:\/\/kraftstoff-coaching.com\/index.php?rest_route=\/wp\/v2\/pages\/295","targetHints":{"allow":["GET"]}}],"collection":[{"href":"https:\/\/kraftstoff-coaching.com\/index.php?rest_route=\/wp\/v2\/pages"}],"about":[{"href":"https:\/\/kraftstoff-coaching.com\/index.php?rest_route=\/wp\/v2\/types\/page"}],"author":[{"embeddable":true,"href":"https:\/\/kraftstoff-coaching.com\/index.php?rest_route=\/wp\/v2\/users\/1"}],"replies":[{"embeddable":true,"href":"https:\/\/kraftstoff-coaching.com\/index.php?rest_route=%2Fwp%2Fv2%2Fcomments&post=295"}],"version-history":[{"count":40,"href":"https:\/\/kraftstoff-coaching.com\/index.php?rest_route=\/wp\/v2\/pages\/295\/revisions"}],"predecessor-version":[{"id":748,"href":"https:\/\/kraftstoff-coaching.com\/index.php?rest_route=\/wp\/v2\/pages\/295\/revisions\/748"}],"wp:attachment":[{"href":"https:\/\/kraftstoff-coaching.com\/index.php?rest_route=%2Fwp%2Fv2%2Fmedia&parent=295"}],"curies":[{"name":"wp","href":"https:\/\/api.w.org\/{rel}","templated":true}]}}