{"id":297,"date":"2025-04-23T10:44:21","date_gmt":"2025-04-23T10:44:21","guid":{"rendered":"https:\/\/kraftstoff-coaching.com\/?page_id=297"},"modified":"2025-08-10T14:32:33","modified_gmt":"2025-08-10T14:32:33","slug":"nordic-walking","status":"publish","type":"page","link":"https:\/\/kraftstoff-coaching.com\/?page_id=297","title":{"rendered":"Nordic Walking"},"content":{"rendered":"\t\t<div data-elementor-type=\"wp-page\" data-elementor-id=\"297\" class=\"elementor elementor-297\">\n\t\t\t\t<div class=\"elementor-element elementor-element-0b3ecbe e-flex e-con-boxed wpr-particle-no wpr-jarallax-no wpr-parallax-no wpr-sticky-section-no e-con e-parent\" data-id=\"0b3ecbe\" data-element_type=\"container\">\n\t\t\t\t\t<div class=\"e-con-inner\">\n\t\t<div class=\"elementor-element elementor-element-cc383c5 e-con-full e-flex wpr-particle-no wpr-jarallax-no wpr-parallax-no wpr-sticky-section-no e-con e-child\" data-id=\"cc383c5\" data-element_type=\"container\" data-settings=\"{&quot;background_background&quot;:&quot;classic&quot;}\">\n\t\t<div class=\"elementor-element elementor-element-5d2069c e-con-full e-flex wpr-particle-no wpr-jarallax-no wpr-parallax-no wpr-sticky-section-no e-con e-child\" data-id=\"5d2069c\" data-element_type=\"container\">\n\t\t<div class=\"elementor-element elementor-element-c4ec0d7 e-con-full e-flex wpr-particle-no wpr-jarallax-no wpr-parallax-no wpr-sticky-section-no e-con e-child\" data-id=\"c4ec0d7\" data-element_type=\"container\">\n\t\t\t\t<div class=\"elementor-element elementor-element-875caf1 wpr-logo-position-left elementor-widget elementor-widget-wpr-logo\" data-id=\"875caf1\" data-element_type=\"widget\" data-widget_type=\"wpr-logo.default\">\n\t\t\t\t<div class=\"elementor-widget-container\">\n\t\t\t\t\t\t\t\t\n\t\t\t<div class=\"wpr-logo elementor-clearfix\">\n\n\t\t\t\t\t\t\t\t<picture class=\"wpr-logo-image\">\n\t\t\t\t\t\t\t\t\t\t<source media=\"(max-width: 767px)\" srcset=\"http:\/\/kraftstoff-coaching.com\/wp-content\/uploads\/2025\/04\/cropped-Logo-transparent.png\">\t\n\t\t\t\t\t\n\t\t\t\t\t\t\t\t\t\t<source srcset=\"http:\/\/kraftstoff-coaching.com\/wp-content\/uploads\/2025\/04\/cropped-Logo-transparent.png 1x, http:\/\/kraftstoff-coaching.com\/wp-content\/uploads\/2025\/04\/cropped-Logo-transparent.png 2x\">\t\n\t\t\t\t\t\t\t\t\t\t\n\t\t\t\t\t<img decoding=\"async\" src=\"http:\/\/kraftstoff-coaching.com\/wp-content\/uploads\/2025\/04\/cropped-Logo-transparent.png\" alt=\"\">\n\n\t\t\t\t\t\t\t\t\t\t\t<a class=\"wpr-logo-url\" rel=\"home\" aria-label=\"\" href=\"https:\/\/kraftstoff-coaching.com\/\"><\/a>\n\t\t\t\t\t\t\t\t\t<\/picture>\n\t\t\t\t\n\t\t\t\t\n\t\t\t\t\t\t\t\t\t<a class=\"wpr-logo-url\" rel=\"home\" aria-label=\"\" href=\"https:\/\/kraftstoff-coaching.com\/\"><\/a>\n\t\t\t\t\n\t\t\t<\/div>\n\t\t\t\t\n\t\t\t\t\t\t<\/div>\n\t\t\t\t<\/div>\n\t\t\t\t<\/div>\n\t\t<div class=\"elementor-element elementor-element-37a2f49 e-con-full e-flex wpr-particle-no wpr-jarallax-no wpr-parallax-no wpr-sticky-section-no e-con e-child\" data-id=\"37a2f49\" data-element_type=\"container\">\n\t\t\t\t<div class=\"elementor-element elementor-element-0fa4cd5 wpr-main-menu-align-center wpr-main-menu-align--tabletcenter wpr-mobile-toggle-v4 wpr-nav-menu-bp-tablet elementor-widget-mobile__width-auto wpr-mobile-menu-item-align-left wpr-pointer-underline wpr-pointer-line-fx wpr-pointer-fx-fade wpr-sub-icon-caret-down wpr-sub-menu-fx-fade wpr-mobile-menu-full-width elementor-widget elementor-widget-wpr-nav-menu\" data-id=\"0fa4cd5\" data-element_type=\"widget\" data-settings=\"{&quot;menu_layout&quot;:&quot;pro-vr&quot;}\" data-widget_type=\"wpr-nav-menu.default\">\n\t\t\t\t<div class=\"elementor-widget-container\">\n\t\t\t\t\t<nav class=\"wpr-nav-menu-container wpr-nav-menu-horizontal\" data-trigger=\"hover\"><ul id=\"menu-1-0fa4cd5\" class=\"wpr-nav-menu\"><li class=\"menu-item menu-item-type-post_type menu-item-object-page menu-item-home menu-item-287\"><a href=\"https:\/\/kraftstoff-coaching.com\/\" class=\"wpr-menu-item wpr-pointer-item\">Home<\/a><\/li>\n<li class=\"menu-item menu-item-type-post_type menu-item-object-page menu-item-288\"><a href=\"https:\/\/kraftstoff-coaching.com\/?page_id=150\" class=\"wpr-menu-item wpr-pointer-item\">Dein Coach<\/a><\/li>\n<li class=\"menu-item menu-item-type-post_type menu-item-object-page menu-item-307\"><a href=\"https:\/\/kraftstoff-coaching.com\/?page_id=289\" class=\"wpr-menu-item wpr-pointer-item\">Ern\u00e4hrung<\/a><\/li>\n<li class=\"menu-item menu-item-type-post_type menu-item-object-page menu-item-306\"><a href=\"https:\/\/kraftstoff-coaching.com\/?page_id=295\" class=\"wpr-menu-item wpr-pointer-item\">Bewegung<\/a><\/li>\n<li class=\"menu-item menu-item-type-post_type menu-item-object-page menu-item-751\"><a href=\"https:\/\/kraftstoff-coaching.com\/?page_id=749\" class=\"wpr-menu-item wpr-pointer-item\">Wechseljahre<\/a><\/li>\n<li class=\"menu-item menu-item-type-post_type menu-item-object-page menu-item-305\"><a href=\"https:\/\/kraftstoff-coaching.com\/?page_id=297\" class=\"wpr-menu-item wpr-pointer-item\">Nordic Walking<\/a><\/li>\n<li class=\"menu-item menu-item-type-post_type menu-item-object-page menu-item-304\"><a href=\"https:\/\/kraftstoff-coaching.com\/?page_id=299\" class=\"wpr-menu-item wpr-pointer-item\">Angebot<\/a><\/li>\n<li class=\"menu-item menu-item-type-post_type menu-item-object-page menu-item-303\"><a href=\"https:\/\/kraftstoff-coaching.com\/?page_id=301\" class=\"wpr-menu-item wpr-pointer-item\">Kontakt<\/a><\/li>\n<\/ul><\/nav><nav class=\"wpr-mobile-nav-menu-container\"><div class=\"wpr-mobile-toggle-wrap\"><div class=\"wpr-mobile-toggle\"><span class=\"wpr-mobile-toggle-line\"><\/span><span class=\"wpr-mobile-toggle-line\"><\/span><span class=\"wpr-mobile-toggle-line\"><\/span><\/div><\/div><ul id=\"mobile-menu-2-0fa4cd5\" class=\"wpr-mobile-nav-menu\"><li class=\"menu-item menu-item-type-post_type menu-item-object-page menu-item-home menu-item-287\"><a href=\"https:\/\/kraftstoff-coaching.com\/\" class=\"wpr-mobile-menu-item\">Home<\/a><\/li>\n<li class=\"menu-item menu-item-type-post_type menu-item-object-page menu-item-288\"><a href=\"https:\/\/kraftstoff-coaching.com\/?page_id=150\" class=\"wpr-mobile-menu-item\">Dein Coach<\/a><\/li>\n<li class=\"menu-item menu-item-type-post_type menu-item-object-page menu-item-307\"><a href=\"https:\/\/kraftstoff-coaching.com\/?page_id=289\" class=\"wpr-mobile-menu-item\">Ern\u00e4hrung<\/a><\/li>\n<li class=\"menu-item menu-item-type-post_type menu-item-object-page menu-item-306\"><a href=\"https:\/\/kraftstoff-coaching.com\/?page_id=295\" class=\"wpr-mobile-menu-item\">Bewegung<\/a><\/li>\n<li class=\"menu-item menu-item-type-post_type menu-item-object-page menu-item-751\"><a href=\"https:\/\/kraftstoff-coaching.com\/?page_id=749\" class=\"wpr-mobile-menu-item\">Wechseljahre<\/a><\/li>\n<li class=\"menu-item menu-item-type-post_type menu-item-object-page menu-item-305\"><a href=\"https:\/\/kraftstoff-coaching.com\/?page_id=297\" class=\"wpr-mobile-menu-item\">Nordic Walking<\/a><\/li>\n<li class=\"menu-item menu-item-type-post_type menu-item-object-page menu-item-304\"><a href=\"https:\/\/kraftstoff-coaching.com\/?page_id=299\" class=\"wpr-mobile-menu-item\">Angebot<\/a><\/li>\n<li class=\"menu-item menu-item-type-post_type menu-item-object-page menu-item-303\"><a href=\"https:\/\/kraftstoff-coaching.com\/?page_id=301\" class=\"wpr-mobile-menu-item\">Kontakt<\/a><\/li>\n<\/ul><\/nav>\t\t\t\t<\/div>\n\t\t\t\t<\/div>\n\t\t\t\t<\/div>\n\t\t\t\t<\/div>\n\t\t\t\t<\/div>\n\t\t\t\t\t<\/div>\n\t\t\t\t<\/div>\n\t\t<div class=\"elementor-element elementor-element-638bd89 e-con-full e-flex wpr-particle-no wpr-jarallax-no wpr-parallax-no wpr-sticky-section-no e-con e-parent\" data-id=\"638bd89\" data-element_type=\"container\">\n\t\t<div class=\"elementor-element elementor-element-a94bc71 e-con-full e-flex wpr-particle-no wpr-jarallax-no wpr-parallax-no wpr-sticky-section-no e-con e-child\" data-id=\"a94bc71\" data-element_type=\"container\" data-settings=\"{&quot;background_background&quot;:&quot;classic&quot;}\">\n\t\t\t\t<div class=\"elementor-element elementor-element-6230de4 elementor-widget__width-inherit elementor-widget elementor-widget-elementskit-heading\" data-id=\"6230de4\" data-element_type=\"widget\" data-widget_type=\"elementskit-heading.default\">\n\t\t\t\t<div class=\"elementor-widget-container\">\n\t\t\t\t\t<div class=\"ekit-wid-con\" ><div class=\"ekit-heading elementskit-section-title-wraper text_center   ekit_heading_tablet-   ekit_heading_mobile-\"><h2 class=\"ekit-heading--title elementskit-section-title \">Nordic Walking<\/h2><\/div><\/div>\t\t\t\t<\/div>\n\t\t\t\t<\/div>\n\t\t\t\t<\/div>\n\t\t\t\t<\/div>\n\t\t\t\t<section class=\"elementor-section elementor-top-section elementor-element elementor-element-372da9 elementor-section-boxed elementor-section-height-default elementor-section-height-default wpr-particle-no wpr-jarallax-no wpr-parallax-no wpr-sticky-section-no\" data-id=\"372da9\" data-element_type=\"section\">\n\t\t\t\t\t\t<div class=\"elementor-container elementor-column-gap-default\">\n\t\t\t\t\t<div class=\"elementor-column elementor-col-33 elementor-top-column elementor-element elementor-element-2b2967ad\" data-id=\"2b2967ad\" data-element_type=\"column\">\n\t\t\t<div class=\"elementor-widget-wrap elementor-element-populated\">\n\t\t\t\t\t\t<div class=\"elementor-element elementor-element-63a6aa elementor-widget elementor-widget-heading\" data-id=\"63a6aa\" data-element_type=\"widget\" data-widget_type=\"heading.default\">\n\t\t\t\t<div class=\"elementor-widget-container\">\n\t\t\t\t\t<h2 class=\"elementor-heading-title elementor-size-default\">Nordic Walking<\/h2>\t\t\t\t<\/div>\n\t\t\t\t<\/div>\n\t\t\t\t<div class=\"elementor-element elementor-element-730d7986 elementor-widget-divider--view-line elementor-widget elementor-widget-divider\" data-id=\"730d7986\" data-element_type=\"widget\" data-widget_type=\"divider.default\">\n\t\t\t\t<div class=\"elementor-widget-container\">\n\t\t\t\t\t\t\t<div class=\"elementor-divider\">\n\t\t\t<span class=\"elementor-divider-separator\">\n\t\t\t\t\t\t<\/span>\n\t\t<\/div>\n\t\t\t\t\t\t<\/div>\n\t\t\t\t<\/div>\n\t\t\t\t<div class=\"elementor-element elementor-element-7785d29c elementor-widget elementor-widget-text-editor\" data-id=\"7785d29c\" data-element_type=\"widget\" data-widget_type=\"text-editor.default\">\n\t\t\t\t<div class=\"elementor-widget-container\">\n\t\t\t\t\t\t\t\t\t<p>Nordic Walking ist mehr als nur Gehen mit St\u00f6cken \u2013 es ist ein sanftes, gelenkschonendes Ganzk\u00f6rpertraining, das Ausdauer, Kraft und Koordination verbessert. Egal ob Anf\u00e4nger oder Wiedereinsteiger: Wir begleiten dich Schritt f\u00fcr Schritt und zeigen dir die richtige Technik, damit du sicher, motiviert und mit Freude unterwegs bist. Au\u00dferdem hat die Natur viel zu bieten und es macht einfach Spa\u00df, raus zu gehen!<\/p><p>Jeden ersten Samstag von April bis Oktober, 10\u201311 Uhr, in Bremen-Habenhausen am Krimpelsee.<\/p>\t\t\t\t\t\t\t\t<\/div>\n\t\t\t\t<\/div>\n\t\t\t\t\t<\/div>\n\t\t<\/div>\n\t\t\t\t<div class=\"elementor-column elementor-col-33 elementor-top-column elementor-element elementor-element-5d87384a\" data-id=\"5d87384a\" data-element_type=\"column\">\n\t\t\t<div class=\"elementor-widget-wrap elementor-element-populated\">\n\t\t\t\t\t\t<div class=\"elementor-element elementor-element-2a88b037 elementor-widget elementor-widget-image\" data-id=\"2a88b037\" data-element_type=\"widget\" data-widget_type=\"image.default\">\n\t\t\t\t<div class=\"elementor-widget-container\">\n\t\t\t\t\t\t\t\t\t\t\t\t\t\t\t<img fetchpriority=\"high\" decoding=\"async\" width=\"683\" height=\"1024\" src=\"https:\/\/kraftstoff-coaching.com\/wp-content\/uploads\/2025\/05\/225D4757.Datei_-683x1024.jpg\" class=\"attachment-large size-large wp-image-522\" alt=\"\" srcset=\"https:\/\/kraftstoff-coaching.com\/wp-content\/uploads\/2025\/05\/225D4757.Datei_-683x1024.jpg 683w, https:\/\/kraftstoff-coaching.com\/wp-content\/uploads\/2025\/05\/225D4757.Datei_-200x300.jpg 200w, https:\/\/kraftstoff-coaching.com\/wp-content\/uploads\/2025\/05\/225D4757.Datei_-768x1152.jpg 768w, https:\/\/kraftstoff-coaching.com\/wp-content\/uploads\/2025\/05\/225D4757.Datei_-1024x1536.jpg 1024w, https:\/\/kraftstoff-coaching.com\/wp-content\/uploads\/2025\/05\/225D4757.Datei_.jpg 1200w\" sizes=\"(max-width: 683px) 100vw, 683px\" \/>\t\t\t\t\t\t\t\t\t\t\t\t\t\t\t<\/div>\n\t\t\t\t<\/div>\n\t\t\t\t<div class=\"elementor-element elementor-element-6706ca1b elementor-widget elementor-widget-image\" data-id=\"6706ca1b\" data-element_type=\"widget\" data-widget_type=\"image.default\">\n\t\t\t\t<div class=\"elementor-widget-container\">\n\t\t\t\t\t\t\t\t\t\t\t\t\t\t\t<img decoding=\"async\" width=\"768\" height=\"1024\" src=\"https:\/\/kraftstoff-coaching.com\/wp-content\/uploads\/2025\/08\/1000002781-768x1024.jpg\" class=\"attachment-large size-large wp-image-708\" alt=\"\" srcset=\"https:\/\/kraftstoff-coaching.com\/wp-content\/uploads\/2025\/08\/1000002781-768x1024.jpg 768w, https:\/\/kraftstoff-coaching.com\/wp-content\/uploads\/2025\/08\/1000002781-225x300.jpg 225w, https:\/\/kraftstoff-coaching.com\/wp-content\/uploads\/2025\/08\/1000002781-1152x1536.jpg 1152w, https:\/\/kraftstoff-coaching.com\/wp-content\/uploads\/2025\/08\/1000002781-1536x2048.jpg 1536w, https:\/\/kraftstoff-coaching.com\/wp-content\/uploads\/2025\/08\/1000002781-scaled.jpg 1920w\" sizes=\"(max-width: 768px) 100vw, 768px\" \/>\t\t\t\t\t\t\t\t\t\t\t\t\t\t\t<\/div>\n\t\t\t\t<\/div>\n\t\t\t\t\t<\/div>\n\t\t<\/div>\n\t\t\t\t<div class=\"elementor-column elementor-col-33 elementor-top-column elementor-element elementor-element-3ba7b278\" data-id=\"3ba7b278\" data-element_type=\"column\">\n\t\t\t<div class=\"elementor-widget-wrap elementor-element-populated\">\n\t\t\t\t\t\t<div class=\"elementor-element elementor-element-518248f9 elementor-widget elementor-widget-image\" data-id=\"518248f9\" data-element_type=\"widget\" data-widget_type=\"image.default\">\n\t\t\t\t<div class=\"elementor-widget-container\">\n\t\t\t\t\t\t\t\t\t\t\t\t\t\t\t<img decoding=\"async\" width=\"771\" height=\"1024\" src=\"https:\/\/kraftstoff-coaching.com\/wp-content\/uploads\/2025\/08\/1000002768-771x1024.jpg\" class=\"attachment-large size-large wp-image-704\" alt=\"\" srcset=\"https:\/\/kraftstoff-coaching.com\/wp-content\/uploads\/2025\/08\/1000002768-771x1024.jpg 771w, https:\/\/kraftstoff-coaching.com\/wp-content\/uploads\/2025\/08\/1000002768-226x300.jpg 226w, https:\/\/kraftstoff-coaching.com\/wp-content\/uploads\/2025\/08\/1000002768-768x1020.jpg 768w, https:\/\/kraftstoff-coaching.com\/wp-content\/uploads\/2025\/08\/1000002768-1156x1536.jpg 1156w, https:\/\/kraftstoff-coaching.com\/wp-content\/uploads\/2025\/08\/1000002768-1542x2048.jpg 1542w, https:\/\/kraftstoff-coaching.com\/wp-content\/uploads\/2025\/08\/1000002768-scaled.jpg 1927w\" sizes=\"(max-width: 771px) 100vw, 771px\" \/>\t\t\t\t\t\t\t\t\t\t\t\t\t\t\t<\/div>\n\t\t\t\t<\/div>\n\t\t\t\t<div class=\"elementor-element elementor-element-700d802f elementor-widget elementor-widget-image\" data-id=\"700d802f\" data-element_type=\"widget\" data-widget_type=\"image.default\">\n\t\t\t\t<div class=\"elementor-widget-container\">\n\t\t\t\t\t\t\t\t\t\t\t\t\t\t\t<img loading=\"lazy\" decoding=\"async\" width=\"683\" height=\"1024\" src=\"https:\/\/kraftstoff-coaching.com\/wp-content\/uploads\/2025\/05\/225D4760.Datei_-683x1024.jpg\" class=\"attachment-large size-large wp-image-523\" alt=\"\" srcset=\"https:\/\/kraftstoff-coaching.com\/wp-content\/uploads\/2025\/05\/225D4760.Datei_-683x1024.jpg 683w, https:\/\/kraftstoff-coaching.com\/wp-content\/uploads\/2025\/05\/225D4760.Datei_-200x300.jpg 200w, https:\/\/kraftstoff-coaching.com\/wp-content\/uploads\/2025\/05\/225D4760.Datei_-768x1152.jpg 768w, https:\/\/kraftstoff-coaching.com\/wp-content\/uploads\/2025\/05\/225D4760.Datei_-1024x1536.jpg 1024w, https:\/\/kraftstoff-coaching.com\/wp-content\/uploads\/2025\/05\/225D4760.Datei_.jpg 1200w\" sizes=\"(max-width: 683px) 100vw, 683px\" \/>\t\t\t\t\t\t\t\t\t\t\t\t\t\t\t<\/div>\n\t\t\t\t<\/div>\n\t\t\t\t\t<\/div>\n\t\t<\/div>\n\t\t\t\t\t<\/div>\n\t\t<\/section>\n\t\t\t\t<section class=\"elementor-section elementor-top-section elementor-element elementor-element-10c2ee2c elementor-section-boxed elementor-section-height-default elementor-section-height-default wpr-particle-no wpr-jarallax-no wpr-parallax-no wpr-sticky-section-no\" data-id=\"10c2ee2c\" data-element_type=\"section\">\n\t\t\t\t\t\t<div class=\"elementor-container elementor-column-gap-default\">\n\t\t\t\t\t<div class=\"elementor-column elementor-col-100 elementor-top-column elementor-element elementor-element-2873b4a9\" data-id=\"2873b4a9\" data-element_type=\"column\">\n\t\t\t<div class=\"elementor-widget-wrap elementor-element-populated\">\n\t\t\t\t\t\t<div class=\"elementor-element elementor-element-6e37d48a elementor-widget elementor-widget-heading\" data-id=\"6e37d48a\" data-element_type=\"widget\" data-widget_type=\"heading.default\">\n\t\t\t\t<div class=\"elementor-widget-container\">\n\t\t\t\t\t<h2 class=\"elementor-heading-title elementor-size-default\">Vorteile<\/h2>\t\t\t\t<\/div>\n\t\t\t\t<\/div>\n\t\t\t\t<div class=\"elementor-element elementor-element-20e34543 elementor-widget-divider--view-line elementor-widget elementor-widget-divider\" data-id=\"20e34543\" data-element_type=\"widget\" data-widget_type=\"divider.default\">\n\t\t\t\t<div class=\"elementor-widget-container\">\n\t\t\t\t\t\t\t<div class=\"elementor-divider\">\n\t\t\t<span class=\"elementor-divider-separator\">\n\t\t\t\t\t\t<\/span>\n\t\t<\/div>\n\t\t\t\t\t\t<\/div>\n\t\t\t\t<\/div>\n\t\t\t\t<section class=\"elementor-section elementor-inner-section elementor-element elementor-element-6002d868 elementor-section-boxed elementor-section-height-default elementor-section-height-default wpr-particle-no wpr-jarallax-no wpr-parallax-no wpr-sticky-section-no\" data-id=\"6002d868\" data-element_type=\"section\">\n\t\t\t\t\t\t<div class=\"elementor-container elementor-column-gap-default\">\n\t\t\t\t\t<div class=\"elementor-column elementor-col-33 elementor-inner-column elementor-element elementor-element-f6341ac\" data-id=\"f6341ac\" data-element_type=\"column\">\n\t\t\t<div class=\"elementor-widget-wrap elementor-element-populated\">\n\t\t\t\t\t\t<div class=\"elementor-element elementor-element-47e84b1a elementor-widget elementor-widget-image\" data-id=\"47e84b1a\" data-element_type=\"widget\" data-widget_type=\"image.default\">\n\t\t\t\t<div class=\"elementor-widget-container\">\n\t\t\t\t\t\t\t\t\t\t\t\t\t\t\t<img loading=\"lazy\" decoding=\"async\" width=\"600\" height=\"600\" src=\"https:\/\/kraftstoff-coaching.com\/wp-content\/uploads\/2025\/04\/Walking-Bremen.jpg\" class=\"attachment-large size-large wp-image-109\" alt=\"\" srcset=\"https:\/\/kraftstoff-coaching.com\/wp-content\/uploads\/2025\/04\/Walking-Bremen.jpg 600w, https:\/\/kraftstoff-coaching.com\/wp-content\/uploads\/2025\/04\/Walking-Bremen-300x300.jpg 300w, https:\/\/kraftstoff-coaching.com\/wp-content\/uploads\/2025\/04\/Walking-Bremen-150x150.jpg 150w\" sizes=\"(max-width: 600px) 100vw, 600px\" \/>\t\t\t\t\t\t\t\t\t\t\t\t\t\t\t<\/div>\n\t\t\t\t<\/div>\n\t\t\t\t<div class=\"elementor-element elementor-element-146e53f8 elementor-widget elementor-widget-heading\" data-id=\"146e53f8\" data-element_type=\"widget\" data-widget_type=\"heading.default\">\n\t\t\t\t<div class=\"elementor-widget-container\">\n\t\t\t\t\t<h2 class=\"elementor-heading-title elementor-size-default\">Sanftes Ganzk\u00f6rpertraining<\/h2>\t\t\t\t<\/div>\n\t\t\t\t<\/div>\n\t\t\t\t<div class=\"elementor-element elementor-element-13b704f1 elementor-widget elementor-widget-text-editor\" data-id=\"13b704f1\" data-element_type=\"widget\" data-widget_type=\"text-editor.default\">\n\t\t\t\t<div class=\"elementor-widget-container\">\n\t\t\t\t\t\t\t\t\t<p>Nordic Walking beansprucht 90\u202f% deiner Muskulatur \u2013 gelenkschonend und effektiv f\u00fcr Herz, Kreislauf und Fitness.<\/p>\t\t\t\t\t\t\t\t<\/div>\n\t\t\t\t<\/div>\n\t\t\t\t\t<\/div>\n\t\t<\/div>\n\t\t\t\t<div class=\"elementor-column elementor-col-33 elementor-inner-column elementor-element elementor-element-59eb4364\" data-id=\"59eb4364\" data-element_type=\"column\">\n\t\t\t<div class=\"elementor-widget-wrap elementor-element-populated\">\n\t\t\t\t\t\t<div class=\"elementor-element elementor-element-2726fe1c elementor-widget elementor-widget-image\" data-id=\"2726fe1c\" data-element_type=\"widget\" data-widget_type=\"image.default\">\n\t\t\t\t<div class=\"elementor-widget-container\">\n\t\t\t\t\t\t\t\t\t\t\t\t\t\t\t<img loading=\"lazy\" decoding=\"async\" width=\"600\" height=\"600\" src=\"https:\/\/kraftstoff-coaching.com\/wp-content\/uploads\/2025\/04\/Nordic-Walking-stock.jpg\" class=\"attachment-large size-large wp-image-78\" alt=\"\" srcset=\"https:\/\/kraftstoff-coaching.com\/wp-content\/uploads\/2025\/04\/Nordic-Walking-stock.jpg 600w, https:\/\/kraftstoff-coaching.com\/wp-content\/uploads\/2025\/04\/Nordic-Walking-stock-300x300.jpg 300w, https:\/\/kraftstoff-coaching.com\/wp-content\/uploads\/2025\/04\/Nordic-Walking-stock-150x150.jpg 150w\" sizes=\"(max-width: 600px) 100vw, 600px\" \/>\t\t\t\t\t\t\t\t\t\t\t\t\t\t\t<\/div>\n\t\t\t\t<\/div>\n\t\t\t\t<div class=\"elementor-element elementor-element-2ffff7ae elementor-widget elementor-widget-heading\" data-id=\"2ffff7ae\" data-element_type=\"widget\" data-widget_type=\"heading.default\">\n\t\t\t\t<div class=\"elementor-widget-container\">\n\t\t\t\t\t<h2 class=\"elementor-heading-title elementor-size-default\">Ideal f\u00fcr Einsteiger und Wiedereinsteiger<\/h2>\t\t\t\t<\/div>\n\t\t\t\t<\/div>\n\t\t\t\t<div class=\"elementor-element elementor-element-723e768b elementor-widget elementor-widget-text-editor\" data-id=\"723e768b\" data-element_type=\"widget\" data-widget_type=\"text-editor.default\">\n\t\t\t\t<div class=\"elementor-widget-container\">\n\t\t\t\t\t\t\t\t\t<p>Unabh\u00e4ngig von Alter oder Fitnesslevel: Mit der richtigen Technik findest du einen entspannten Weg zur\u00fcck in mehr Bewegung.<\/p>\t\t\t\t\t\t\t\t<\/div>\n\t\t\t\t<\/div>\n\t\t\t\t\t<\/div>\n\t\t<\/div>\n\t\t\t\t<div class=\"elementor-column elementor-col-33 elementor-inner-column elementor-element elementor-element-378e8a56\" data-id=\"378e8a56\" data-element_type=\"column\">\n\t\t\t<div class=\"elementor-widget-wrap elementor-element-populated\">\n\t\t\t\t\t\t<div class=\"elementor-element elementor-element-1da75f22 elementor-widget elementor-widget-image\" data-id=\"1da75f22\" data-element_type=\"widget\" data-widget_type=\"image.default\">\n\t\t\t\t<div class=\"elementor-widget-container\">\n\t\t\t\t\t\t\t\t\t\t\t\t\t\t\t<img loading=\"lazy\" decoding=\"async\" width=\"800\" height=\"800\" src=\"https:\/\/kraftstoff-coaching.com\/wp-content\/uploads\/2025\/08\/IMG_20190218_170928_100-1024x1024.jpg\" class=\"attachment-large size-large wp-image-710\" alt=\"\" srcset=\"https:\/\/kraftstoff-coaching.com\/wp-content\/uploads\/2025\/08\/IMG_20190218_170928_100-1024x1024.jpg 1024w, https:\/\/kraftstoff-coaching.com\/wp-content\/uploads\/2025\/08\/IMG_20190218_170928_100-300x300.jpg 300w, https:\/\/kraftstoff-coaching.com\/wp-content\/uploads\/2025\/08\/IMG_20190218_170928_100-150x150.jpg 150w, https:\/\/kraftstoff-coaching.com\/wp-content\/uploads\/2025\/08\/IMG_20190218_170928_100-768x768.jpg 768w, https:\/\/kraftstoff-coaching.com\/wp-content\/uploads\/2025\/08\/IMG_20190218_170928_100-1536x1536.jpg 1536w, https:\/\/kraftstoff-coaching.com\/wp-content\/uploads\/2025\/08\/IMG_20190218_170928_100-2048x2048.jpg 2048w\" sizes=\"(max-width: 800px) 100vw, 800px\" \/>\t\t\t\t\t\t\t\t\t\t\t\t\t\t\t<\/div>\n\t\t\t\t<\/div>\n\t\t\t\t<div class=\"elementor-element elementor-element-3e114387 elementor-widget elementor-widget-heading\" data-id=\"3e114387\" data-element_type=\"widget\" data-widget_type=\"heading.default\">\n\t\t\t\t<div class=\"elementor-widget-container\">\n\t\t\t\t\t<h2 class=\"elementor-heading-title elementor-size-default\">Training an der frischen Luft<\/h2>\t\t\t\t<\/div>\n\t\t\t\t<\/div>\n\t\t\t\t<div class=\"elementor-element elementor-element-250d2652 elementor-widget elementor-widget-text-editor\" data-id=\"250d2652\" data-element_type=\"widget\" data-widget_type=\"text-editor.default\">\n\t\t\t\t<div class=\"elementor-widget-container\">\n\t\t\t\t\t\t\t\t\t<p>Ob im Park, Wald oder auf Feldwegen: Die Bewegung in der Natur macht Spa\u00df, reduziert Stress und st\u00e4rkt dein Immunsystem.<\/p>\t\t\t\t\t\t\t\t<\/div>\n\t\t\t\t<\/div>\n\t\t\t\t\t<\/div>\n\t\t<\/div>\n\t\t\t\t\t<\/div>\n\t\t<\/section>\n\t\t\t\t\t<\/div>\n\t\t<\/div>\n\t\t\t\t\t<\/div>\n\t\t<\/section>\n\t\t\t\t<\/div>\n\t\t","protected":false},"excerpt":{"rendered":"<p>Home Dein Coach Ern\u00e4hrung Bewegung Nordic Walking Angebot Kontakt Home Dein Coach Ern\u00e4hrung Bewegung Nordic Walking Angebot Kontakt Nordic Walking Nordic Walking Nordic Walking ist mehr als nur Gehen mit St\u00f6cken \u2013 es ist ein sanftes, gelenkschonendes Ganzk\u00f6rpertraining, das Ausdauer, Kraft und Koordination verbessert. Egal ob Anf\u00e4nger oder Wiedereinsteiger: Wir begleiten dich Schritt f\u00fcr Schritt und zeigen dir die richtige Technik, damit du sicher, motiviert und mit Freude unterwegs bist. Au\u00dferdem hat die Natur viel zu bieten und es macht einfach Spa\u00df, raus zu gehen! Jeden ersten Samstag von April bis Oktober, 10\u201311 Uhr, in Bremen-Habenhausen am Krimpelsee. Vorteile Sanftes Ganzk\u00f6rpertraining Nordic Walking beansprucht 90\u202f% deiner Muskulatur \u2013 gelenkschonend und effektiv f\u00fcr Herz, Kreislauf und Fitness. Ideal f\u00fcr Einsteiger und Wiedereinsteiger Unabh\u00e4ngig von Alter oder Fitnesslevel: Mit der richtigen Technik findest du einen entspannten Weg zur\u00fcck in mehr Bewegung. Training an der frischen Luft Ob im Park, Wald oder auf Feldwegen: Die Bewegung in der Natur macht Spa\u00df, reduziert Stress und st\u00e4rkt dein Immunsystem.<\/p>\n","protected":false},"author":1,"featured_media":0,"parent":0,"menu_order":0,"comment_status":"closed","ping_status":"closed","template":"elementor_canvas","meta":{"footnotes":""},"class_list":["post-297","page","type-page","status-publish","hentry"],"_links":{"self":[{"href":"https:\/\/kraftstoff-coaching.com\/index.php?rest_route=\/wp\/v2\/pages\/297","targetHints":{"allow":["GET"]}}],"collection":[{"href":"https:\/\/kraftstoff-coaching.com\/index.php?rest_route=\/wp\/v2\/pages"}],"about":[{"href":"https:\/\/kraftstoff-coaching.com\/index.php?rest_route=\/wp\/v2\/types\/page"}],"author":[{"embeddable":true,"href":"https:\/\/kraftstoff-coaching.com\/index.php?rest_route=\/wp\/v2\/users\/1"}],"replies":[{"embeddable":true,"href":"https:\/\/kraftstoff-coaching.com\/index.php?rest_route=%2Fwp%2Fv2%2Fcomments&post=297"}],"version-history":[{"count":76,"href":"https:\/\/kraftstoff-coaching.com\/index.php?rest_route=\/wp\/v2\/pages\/297\/revisions"}],"predecessor-version":[{"id":741,"href":"https:\/\/kraftstoff-coaching.com\/index.php?rest_route=\/wp\/v2\/pages\/297\/revisions\/741"}],"wp:attachment":[{"href":"https:\/\/kraftstoff-coaching.com\/index.php?rest_route=%2Fwp%2Fv2%2Fmedia&parent=297"}],"curies":[{"name":"wp","href":"https:\/\/api.w.org\/{rel}","templated":true}]}}